{"id":78,"date":"2014-10-01T17:43:58","date_gmt":"2014-10-01T15:43:58","guid":{"rendered":"http:\/\/www.tvattservice.com\/?page_id=78"},"modified":"2019-06-10T09:47:43","modified_gmt":"2019-06-10T07:47:43","slug":"vi-erbjuder","status":"publish","type":"page","link":"https:\/\/www.tvattservice.com\/?page_id=78","title":{"rendered":"Vi erbjuder"},"content":{"rendered":"<p class=\"ViErbjuder\" style=\"text-align: left;\">V\u00e5ra erbjudande g\u00e4ller b\u00e5de f\u00f6retag och privatpersoner!<\/p>\n<h2 class=\"ViErbjuder\" style=\"text-align: left;\">Alltv\u00e4tt \/ Hush\u00e5llstv\u00e4tt<\/h2>\n<div class=\"ViErbjuder\" style=\"text-align: left;\">Tv\u00e4tten i som hamnar i tv\u00e4ttkorgen tar vi ocks\u00e5 hand om.<\/div>\n<p><!--more--><\/p>\n<div class=\"ViErbjuder\">\n<div class=\"ViErbjuderText\" style=\"text-align: left;\">\n<h2>Strykning och mangling<\/h2>\n<div class=\"ViErbjuderText\">Vi stryker dina skjortor och manglar frott\u00e9, dukar o s\u00e4nglinne.<\/div>\n<div class=\"ViErbjuderText\">\n<p><!--more--><\/p>\n<\/div>\n<h2>Mattv\u00e4tt<\/h2>\n<div class=\"Miljoval\">Vi tv\u00e4ttar alla sorters mattor.<\/div>\n<div class=\"Miljoval\">\n<p><!--more--><\/p>\n<\/div>\n<div class=\"Miljoval\">\n<h2>Kemtv\u00e4tt<\/h2>\n<div class=\"ViErbjuderText\">Vi kemtv\u00e4ttar i en milj\u00f6anpassad process.<\/div>\n<div class=\"ViErbjuderText\">\n<p><!--more--><\/p>\n<\/div>\n<\/div>\n<\/div>\n<p style=\"text-align: left;\">\n<\/div>\n","protected":false},"excerpt":{"rendered":"<p>V\u00e5ra erbjudande g\u00e4ller b\u00e5de f\u00f6retag och privatpersoner! Alltv\u00e4tt \/ Hush\u00e5llstv\u00e4tt Tv\u00e4tten i som hamnar i tv\u00e4ttkorgen tar vi ocks\u00e5 hand om.<\/p>\n","protected":false},"author":3,"featured_media":0,"parent":0,"menu_order":0,"comment_status":"closed","ping_status":"closed","template":"","meta":{"footnotes":""},"class_list":["post-78","page","type-page","status-publish","hentry"],"_links":{"self":[{"href":"https:\/\/www.tvattservice.com\/index.php?rest_route=\/wp\/v2\/pages\/78","targetHints":{"allow":["GET"]}}],"collection":[{"href":"https:\/\/www.tvattservice.com\/index.php?rest_route=\/wp\/v2\/pages"}],"about":[{"href":"https:\/\/www.tvattservice.com\/index.php?rest_route=\/wp\/v2\/types\/page"}],"author":[{"embeddable":true,"href":"https:\/\/www.tvattservice.com\/index.php?rest_route=\/wp\/v2\/users\/3"}],"replies":[{"embeddable":true,"href":"https:\/\/www.tvattservice.com\/index.php?rest_route=%2Fwp%2Fv2%2Fcomments&post=78"}],"version-history":[{"count":13,"href":"https:\/\/www.tvattservice.com\/index.php?rest_route=\/wp\/v2\/pages\/78\/revisions"}],"predecessor-version":[{"id":493,"href":"https:\/\/www.tvattservice.com\/index.php?rest_route=\/wp\/v2\/pages\/78\/revisions\/493"}],"wp:attachment":[{"href":"https:\/\/www.tvattservice.com\/index.php?rest_route=%2Fwp%2Fv2%2Fmedia&parent=78"}],"curies":[{"name":"wp","href":"https:\/\/api.w.org\/{rel}","templated":true}]}}