{"id":2,"date":"2014-07-04T06:53:25","date_gmt":"2014-07-04T04:53:25","guid":{"rendered":"http:\/\/www.tvattservice.com\/?page_id=2"},"modified":"2022-01-10T12:44:43","modified_gmt":"2022-01-10T11:44:43","slug":"exempelsida","status":"publish","type":"page","link":"https:\/\/www.tvattservice.com\/","title":{"rendered":"V\u00e4lkommen"},"content":{"rendered":"<h2>V\u00e4lkomna till Tv\u00e4ttservice i B\u00e5stad AB<\/h2>\n<p><strong><em>F\u00f6r hotell, restaurang och andra verksamheter<br \/>\n<\/em><\/strong>som handhar textilier, \u00e4r v\u00e5ra ambitioner och m\u00e5l \u00e4r att bli en partner till er n\u00e4r det g\u00e4ller tv\u00e4tt. Tv\u00e4ttservice jobbar v\u00e4ldigt h\u00e5rt f\u00f6r att tillgodose kundens \u00f6nskem\u00e5l samt h\u00e5lla h\u00f6gsta kvalitet p\u00e5 v\u00e5ra tj\u00e4nster.<\/p>\n<p><strong><em>F\u00f6r privatpersoner<\/em><\/strong><br \/>\nerbjuder vi inl\u00e4mning och utl\u00e4mning h\u00e4r hos oss.<\/p>\n<hr \/>\n<p><strong>\u00d6ppettider f\u00f6r inl\u00e4mning\/avh\u00e4mtning \u00f6vriga veckor:<\/strong><\/p>\n<p>Onsdagar kl 14.00 \u2013 16.00<br \/>\nTorsdagar kl 14.00 \u2013 17.00<\/p>\n<p><em>De begr\u00e4nsade \u00f6ppettiderna g\u00e4ller tillsvidare. Vi hoppas kunna \u00f6ppna upp f\u00f6r fullt s\u00e5 snart som m\u00f6jligt. F\u00f6lj oss g\u00e4rna p\u00e5 v\u00e5r hemsida och Facebook, vi uppdaterar \u00f6ppettiderna d\u00e4r s\u00e5 fort vi \u00e5terg\u00e5r till det normala.<\/em><\/p>\n<p>Vi \u00e4r tacksamma f\u00f6r er f\u00f6rst\u00e5else.<\/p>\n<p>Telefon:\u00a00431 &#8211; 709 00<br \/>\n<a href=\"mailto:order@tvattservice.com\" target=\"_blank\" rel=\"noopener noreferrer\">order@tvattservice.com<\/a><br \/>\n<a href=\"https:\/\/www.facebook.com\/tvattservice\/\" target=\"_blank\" rel=\"noopener noreferrer\">www.facebook.com\/tvattservice\/<\/a><\/p>\n<p><strong>Hela glada g\u00e4nget p\u00e5 Tv\u00e4ttservice<\/strong><\/p>\n<p><a href=\"https:\/\/www.tvattservice.com\/wp-content\/uploads\/2019\/03\/IMG-4257.jpg\"><img loading=\"lazy\" decoding=\"async\" class=\"alignleft wp-image-478 size-large\" src=\"https:\/\/www.tvattservice.com\/wp-content\/uploads\/2019\/03\/IMG-4257-1024x794.jpg\" alt=\"\" width=\"584\" height=\"453\" srcset=\"https:\/\/www.tvattservice.com\/wp-content\/uploads\/2019\/03\/IMG-4257-1024x794.jpg 1024w, https:\/\/www.tvattservice.com\/wp-content\/uploads\/2019\/03\/IMG-4257-300x233.jpg 300w, https:\/\/www.tvattservice.com\/wp-content\/uploads\/2019\/03\/IMG-4257-768x596.jpg 768w, https:\/\/www.tvattservice.com\/wp-content\/uploads\/2019\/03\/IMG-4257-387x300.jpg 387w, https:\/\/www.tvattservice.com\/wp-content\/uploads\/2019\/03\/IMG-4257.jpg 1853w\" sizes=\"auto, (max-width: 584px) 100vw, 584px\" \/><\/a><\/p>\n","protected":false},"excerpt":{"rendered":"<p>V\u00e4lkomna till Tv\u00e4ttservice i B\u00e5stad AB F\u00f6r hotell, restaurang och andra verksamheter som handhar textilier, \u00e4r v\u00e5ra ambitioner och m\u00e5l \u00e4r att bli en partner till er n\u00e4r det g\u00e4ller tv\u00e4tt. Tv\u00e4ttservice jobbar v\u00e4ldigt h\u00e5rt f\u00f6r att tillgodose kundens \u00f6nskem\u00e5l &hellip; <a href=\"https:\/\/www.tvattservice.com\/\">Forts\u00e4tt l\u00e4sa <span class=\"meta-nav\">&rarr;<\/span><\/a><\/p>\n","protected":false},"author":3,"featured_media":0,"parent":0,"menu_order":0,"comment_status":"closed","ping_status":"closed","template":"","meta":{"footnotes":""},"class_list":["post-2","page","type-page","status-publish","hentry"],"_links":{"self":[{"href":"https:\/\/www.tvattservice.com\/index.php?rest_route=\/wp\/v2\/pages\/2","targetHints":{"allow":["GET"]}}],"collection":[{"href":"https:\/\/www.tvattservice.com\/index.php?rest_route=\/wp\/v2\/pages"}],"about":[{"href":"https:\/\/www.tvattservice.com\/index.php?rest_route=\/wp\/v2\/types\/page"}],"author":[{"embeddable":true,"href":"https:\/\/www.tvattservice.com\/index.php?rest_route=\/wp\/v2\/users\/3"}],"replies":[{"embeddable":true,"href":"https:\/\/www.tvattservice.com\/index.php?rest_route=%2Fwp%2Fv2%2Fcomments&post=2"}],"version-history":[{"count":64,"href":"https:\/\/www.tvattservice.com\/index.php?rest_route=\/wp\/v2\/pages\/2\/revisions"}],"predecessor-version":[{"id":536,"href":"https:\/\/www.tvattservice.com\/index.php?rest_route=\/wp\/v2\/pages\/2\/revisions\/536"}],"wp:attachment":[{"href":"https:\/\/www.tvattservice.com\/index.php?rest_route=%2Fwp%2Fv2%2Fmedia&parent=2"}],"curies":[{"name":"wp","href":"https:\/\/api.w.org\/{rel}","templated":true}]}}